{"id":961,"date":"2023-07-01T19:23:35","date_gmt":"2023-07-01T19:23:35","guid":{"rendered":"https:\/\/www.carismacoaching.se\/?page_id=961"},"modified":"2023-12-07T08:50:07","modified_gmt":"2023-12-07T08:50:07","slug":"carisma-modellen","status":"publish","type":"page","link":"https:\/\/www.carismacoaching.se\/?page_id=961","title":{"rendered":"Carisma modellen"},"content":{"rendered":"<p>[et_pb_section fb_built=&#8221;1&#8243; admin_label=&#8221;Header&#8221; _builder_version=&#8221;4.23.1&#8243; _module_preset=&#8221;default&#8221; background_color=&#8221;#000000&#8243; use_background_color_gradient=&#8221;on&#8221; background_color_gradient_stops=&#8221;rgba(0,0,0,0) 0%|#515151 100%&#8221; background_color_gradient_overlays_image=&#8221;on&#8221; background_image=&#8221;https:\/\/www.carismacoaching.se\/wp-content\/uploads\/2023\/11\/3S1A7758-scaled.jpg&#8221; custom_padding=&#8221;226px||60px|||&#8221; locked=&#8221;off&#8221; collapsed=&#8221;on&#8221; global_colors_info=&#8221;{}&#8221;][et_pb_row column_structure=&#8221;1_2,1_2&#8243; _builder_version=&#8221;4.20.0&#8243; _module_preset=&#8221;default&#8221; custom_padding=&#8221;5px||11px|||&#8221; global_colors_info=&#8221;{}&#8221;][et_pb_column type=&#8221;1_2&#8243; _builder_version=&#8221;4.20.0&#8243; _module_preset=&#8221;default&#8221; global_colors_info=&#8221;{}&#8221;][\/et_pb_column][et_pb_column type=&#8221;1_2&#8243; _builder_version=&#8221;4.20.0&#8243; _module_preset=&#8221;default&#8221; global_colors_info=&#8221;{}&#8221;][et_pb_text _builder_version=&#8221;4.23.1&#8243; _module_preset=&#8221;d1a6733b-65a2-45c3-9eb9-ee14692b108f&#8221; header_font=&#8221;Lato|700|||||||&#8221; header_text_color=&#8221;#FFFFFF&#8221; text_orientation=&#8221;center&#8221; hover_enabled=&#8221;0&#8243; header_font_size_phone=&#8221;42px&#8221; global_colors_info=&#8221;{}&#8221; sticky_enabled=&#8221;0&#8243; custom_margin=&#8221;-91px|||||&#8221;]<\/p>\n<h1 style=\"text-align: right;\">Carisma-modellen \u2013 en metod f\u00f6r aktiv framg\u00e5ng<\/h1>\n<p>[\/et_pb_text][\/et_pb_column][\/et_pb_row][\/et_pb_section][et_pb_section fb_built=&#8221;1&#8243; _builder_version=&#8221;4.23.1&#8243; _module_preset=&#8221;default&#8221; background_color=&#8221;#cc123c&#8221; custom_padding=&#8221;25px||22px|||&#8221; global_colors_info=&#8221;{}&#8221; custom_margin=&#8221;-2px|||||&#8221;][et_pb_row _builder_version=&#8221;4.23.1&#8243; _module_preset=&#8221;default&#8221; custom_margin=&#8221;5px|auto|-7px|auto||&#8221; global_colors_info=&#8221;{}&#8221; custom_padding=&#8221;10px|||||&#8221;][et_pb_column type=&#8221;4_4&#8243; _builder_version=&#8221;4.23.1&#8243; _module_preset=&#8221;default&#8221; global_colors_info=&#8221;{}&#8221;][et_pb_text _builder_version=&#8221;4.23.1&#8243; _module_preset=&#8221;default&#8221; text_text_color=&#8221;#FFFFFF&#8221; text_font_size=&#8221;18px&#8221; background_enable_color=&#8221;off&#8221; global_colors_info=&#8221;{}&#8221;]<\/p>\n<p><span>Du \u00e4r unik. Du har dina personliga m\u00e5ls\u00e4ttningar, utmaningar, resurser och behov. Carisma-modellen \u00e4r ett effektivt verktyg som hj\u00e4lper oss att ringa in hur vi som karri\u00e4rcoacher st\u00f6ttar din utveckling p\u00e5 b\u00e4sta s\u00e4tt.<\/span><\/p>\n<p>[\/et_pb_text][\/et_pb_column][\/et_pb_row][\/et_pb_section][et_pb_section fb_built=&#8221;1&#8243; _builder_version=&#8221;4.23.1&#8243; _module_preset=&#8221;default&#8221; custom_padding=&#8221;||11px|||&#8221; global_colors_info=&#8221;{}&#8221;][et_pb_row column_structure=&#8221;1_3,1_3,1_3&#8243; _builder_version=&#8221;4.23.1&#8243; _module_preset=&#8221;default&#8221; global_colors_info=&#8221;{}&#8221;][et_pb_column type=&#8221;1_3&#8243; _builder_version=&#8221;4.23.1&#8243; _module_preset=&#8221;default&#8221; global_colors_info=&#8221;{}&#8221;][et_pb_text _builder_version=&#8221;4.23.1&#8243; _module_preset=&#8221;default&#8221; global_colors_info=&#8221;{}&#8221;]<\/p>\n<h4 style=\"text-align: center;\"><img loading=\"lazy\" decoding=\"async\" src=\"https:\/\/www.carismacoaching.se\/wp-content\/uploads\/2023\/12\/8.png\" width=\"100\" height=\"100\" alt=\"\" class=\"wp-image-1312 alignnone size-full\" \/><\/h4>\n<h4 style=\"text-align: center;\"><strong>Nul\u00e4ge och framtidsplaner<\/strong><\/h4>\n<p>Tillsammans kartl\u00e4gger vi var du st\u00e5r i dag och vad du skulle vilja g\u00f6ra i framtiden. Vi pratar ocks\u00e5 om hur du \u00e4r som person. Det kan verka sj\u00e4lvklart, men ibland blir vi hemmablinda i v\u00e5r egen gestalt. Med hj\u00e4lp av denna kartl\u00e4ggning kan vi b\u00e4ttre ta tillvara dina personliga resurser och anpassa m\u00e5l och handlingsplan efter din unika upps\u00e4ttning drivkrafter och egenskaper. Det \u00f6kar dina chanser att n\u00e5 ditt m\u00e5l och hitta dr\u00f6mjobbet.<\/p>\n<p>[\/et_pb_text][\/et_pb_column][et_pb_column type=&#8221;1_3&#8243; _builder_version=&#8221;4.23.1&#8243; _module_preset=&#8221;default&#8221; global_colors_info=&#8221;{}&#8221;][et_pb_text _builder_version=&#8221;4.23.1&#8243; _module_preset=&#8221;default&#8221; global_colors_info=&#8221;{}&#8221;]<\/p>\n<h4 style=\"text-align: center;\"><img loading=\"lazy\" decoding=\"async\" src=\"https:\/\/www.carismacoaching.se\/wp-content\/uploads\/2023\/12\/2.png\" width=\"100\" height=\"100\" alt=\"\" class=\"wp-image-1300 alignnone size-full\" \/><\/h4>\n<h4 style=\"text-align: center;\"><strong>CV \u2013 din bakgrund<\/strong><\/h4>\n<p>Har du redan ett cv? Vi hj\u00e4lper dig att granska det och ger f\u00f6rslag p\u00e5 hur det kan bli \u00e4nnu b\u00e4ttre. Har du inget cv? D\u00e5 skriver vi ett. M\u00e5ls\u00e4ttningen \u00e4r att ditt cv ska matcha inte bara dina faktiska erfarenheter utan ocks\u00e5 dina m\u00e5l och visioner.<\/p>\n<p>[\/et_pb_text][\/et_pb_column][et_pb_column type=&#8221;1_3&#8243; _builder_version=&#8221;4.23.1&#8243; _module_preset=&#8221;default&#8221; global_colors_info=&#8221;{}&#8221;][et_pb_text _builder_version=&#8221;4.23.1&#8243; _module_preset=&#8221;default&#8221; global_colors_info=&#8221;{}&#8221;]<\/p>\n<h4><img loading=\"lazy\" decoding=\"async\" src=\"https:\/\/www.carismacoaching.se\/wp-content\/uploads\/2023\/12\/3.png\" width=\"100\" height=\"100\" alt=\"personligt brev\" class=\"wp-image-1301 alignnone size-full\" style=\"display: block; margin-left: auto; margin-right: auto;\" \/><\/h4>\n<h4 style=\"text-align: center;\"><strong>Personligt brev \u2013 ditt erbjudande<\/strong><\/h4>\n<p>S\u00f6ker du jobb beh\u00f6ver du komplettera ditt cv med ett personligt brev. Vi hj\u00e4lper dig att avgr\u00e4nsa och formulera \u201dditt erbjudande\u201d p\u00e5 ett slagkraftigt s\u00e4tt. Ibland \u00e4r det sv\u00e5rt att hitta balansen mellan alltf\u00f6r \u00f6dmjuk och n\u00e5got f\u00f6r offensiv. Vi \u00e4r ditt bollplank i den processen.<\/p>\n<p>[\/et_pb_text][\/et_pb_column][\/et_pb_row][\/et_pb_section][et_pb_section fb_built=&#8221;1&#8243; _builder_version=&#8221;4.23.1&#8243; _module_preset=&#8221;default&#8221; custom_margin=&#8221;||-19px|||&#8221; custom_padding=&#8221;1px||5px|||&#8221; global_colors_info=&#8221;{}&#8221;][et_pb_row column_structure=&#8221;1_3,1_3,1_3&#8243; _builder_version=&#8221;4.23.1&#8243; _module_preset=&#8221;default&#8221; custom_padding=&#8221;0px|||||&#8221; global_colors_info=&#8221;{}&#8221;][et_pb_column type=&#8221;1_3&#8243; _builder_version=&#8221;4.23.1&#8243; _module_preset=&#8221;default&#8221; global_colors_info=&#8221;{}&#8221;][et_pb_text _builder_version=&#8221;4.23.1&#8243; _module_preset=&#8221;default&#8221; text_font=&#8221;Lato||||||||&#8221; custom_margin=&#8221;||-14px|||&#8221; global_colors_info=&#8221;{}&#8221;]<\/p>\n<h4><img loading=\"lazy\" decoding=\"async\" src=\"https:\/\/www.carismacoaching.se\/wp-content\/uploads\/2023\/12\/4-1.png\" width=\"100\" height=\"100\" alt=\"\" class=\"wp-image-1308 alignnone size-full\" style=\"display: block; margin-left: auto; margin-right: auto;\" \/><\/h4>\n<h4 style=\"text-align: center;\"><strong>Spontanans\u00f6kan \u2013 hitta de dolda<\/strong> <strong>jobben<\/strong><\/h4>\n<p>M\u00e5nga jobb tills\u00e4tts utan att f\u00f6rst ha annonserats ut. Ans\u00f6ker du spontant till f\u00f6retag du g\u00e4rna vill jobba hos har du chans att springa f\u00f6rbi alla konkurrenter och knipa just ett s\u00e5dant dolt jobb. Vi tar fram en strategi f\u00f6r vilka typer av arbetsplatser du b\u00f6r kontakta och vilka tj\u00e4nster du b\u00f6r inrikta dig mot. Vi pratar ocks\u00e5 om hur du g\u00f6r din spontanans\u00f6kan s\u00e5 relevant och specifik som m\u00f6jligt.<\/p>\n<p>[\/et_pb_text][\/et_pb_column][et_pb_column type=&#8221;1_3&#8243; _builder_version=&#8221;4.23.1&#8243; _module_preset=&#8221;default&#8221; global_colors_info=&#8221;{}&#8221;][et_pb_text _builder_version=&#8221;4.23.1&#8243; _module_preset=&#8221;default&#8221; global_colors_info=&#8221;{}&#8221;]<\/p>\n<h4><img loading=\"lazy\" decoding=\"async\" src=\"https:\/\/www.carismacoaching.se\/wp-content\/uploads\/2023\/12\/9.png\" width=\"100\" height=\"100\" alt=\"\" class=\"wp-image-1311 alignnone size-full\" style=\"display: block; margin-left: auto; margin-right: auto;\" \/><\/h4>\n<h4 style=\"text-align: center;\"><strong>Var finns r\u00e4tt jobb f\u00f6r dig?<\/strong><\/h4>\n<p>S\u00f6ker du jobb i r\u00e4tt sammanhang? Vi st\u00f6ttar dig med praktiska tips p\u00e5 var du hittar relevanta jobb att s\u00f6ka. Vi har l\u00e5ng erfarenhet av rekrytering och god insikt i hur headhunters, bemanningsf\u00f6retag och rekryteringsf\u00f6retag arbetar.<\/p>\n<p>[\/et_pb_text][\/et_pb_column][et_pb_column type=&#8221;1_3&#8243; _builder_version=&#8221;4.23.1&#8243; _module_preset=&#8221;default&#8221; global_colors_info=&#8221;{}&#8221;][et_pb_text _builder_version=&#8221;4.23.1&#8243; _module_preset=&#8221;default&#8221; global_colors_info=&#8221;{}&#8221;]<\/p>\n<h4><img loading=\"lazy\" decoding=\"async\" src=\"https:\/\/www.carismacoaching.se\/wp-content\/uploads\/2023\/12\/4.png\" width=\"100\" height=\"100\" alt=\"\" class=\"wp-image-1302 alignnone size-full\" style=\"display: block; margin-left: auto; margin-right: auto;\" \/><\/h4>\n<h4 style=\"text-align: center;\"><strong>Intervjutr\u00e4ning \u2013 toppa formen<\/strong><\/h4>\n<p>Det b\u00e4sta s\u00e4ttet att f\u00f6rbereda sig inf\u00f6r en jobbintervju \u00e4r att tr\u00e4na. Inf\u00f6r en intervju blir de flesta av oss lite nerv\u00f6sa. Tillsammans tittar vi p\u00e5 vad du utstr\u00e5lar i en s\u00e5dan m\u00f6tessituation. Vad du s\u00e4ger, men ocks\u00e5 vad du f\u00f6rmedlar i kropp, kl\u00e4dsel och s\u00e5 vidare. N\u00e4r det \u00e4r skarpt l\u00e4ge vill du komma till din r\u00e4tt p\u00e5 ett avslappnat och professionellt s\u00e4tt.<\/p>\n<p>[\/et_pb_text][\/et_pb_column][\/et_pb_row][\/et_pb_section][et_pb_section fb_built=&#8221;1&#8243; _builder_version=&#8221;4.23.1&#8243; _module_preset=&#8221;default&#8221; custom_padding=&#8221;13px||25px|||&#8221; global_colors_info=&#8221;{}&#8221;][et_pb_row column_structure=&#8221;1_3,1_3,1_3&#8243; _builder_version=&#8221;4.23.1&#8243; _module_preset=&#8221;default&#8221; custom_margin=&#8221;-10px|auto||auto||&#8221; custom_padding=&#8221;6px|||||&#8221; global_colors_info=&#8221;{}&#8221;][et_pb_column type=&#8221;1_3&#8243; _builder_version=&#8221;4.23.1&#8243; _module_preset=&#8221;default&#8221; global_colors_info=&#8221;{}&#8221;][et_pb_text _builder_version=&#8221;4.23.1&#8243; _module_preset=&#8221;default&#8221; global_colors_info=&#8221;{}&#8221;]<\/p>\n<h4><strong><img loading=\"lazy\" decoding=\"async\" src=\"https:\/\/www.carismacoaching.se\/wp-content\/uploads\/2023\/12\/1.png\" width=\"100\" height=\"100\" alt=\"\" class=\"wp-image-1305 alignnone size-full\" style=\"display: block; margin-left: auto; margin-right: auto;\" \/><\/strong><\/h4>\n<h4 style=\"text-align: center;\"><strong>Bygg ditt kontaktn\u00e4t<\/strong><\/h4>\n<p>Det \u00e4r l\u00e4tt att harva vidare i gamla hjulsp\u00e5r. D\u00e4rf\u00f6r brukar vi ocks\u00e5 alltid kika p\u00e5 ditt befintliga n\u00e4tverk. M\u00e5nga g\u00e5nger finns d\u00e4r resurser och m\u00f6jligheter som du sj\u00e4lv kanske inte t\u00e4nker p\u00e5. Vi coachar dig i hur du identifierar dessa m\u00f6jligheter och hur du tar kontakt utan att verka framfusig.<\/p>\n<p>[\/et_pb_text][\/et_pb_column][et_pb_column type=&#8221;1_3&#8243; _builder_version=&#8221;4.23.1&#8243; _module_preset=&#8221;default&#8221; global_colors_info=&#8221;{}&#8221;][et_pb_text _builder_version=&#8221;4.23.1&#8243; _module_preset=&#8221;default&#8221; global_colors_info=&#8221;{}&#8221;]<\/p>\n<h4 style=\"text-align: center;\">\u00a0<img loading=\"lazy\" decoding=\"async\" src=\"https:\/\/www.carismacoaching.se\/wp-content\/uploads\/2023\/12\/7-1.png\" width=\"100\" height=\"100\" alt=\"\" class=\"wp-image-1315 alignnone size-large\" \/>\u00a0<\/h4>\n<h4 style=\"text-align: center;\"><strong>Aff\u00e4rskultur &amp; etik<\/strong><\/h4>\n<p>\u00c4r du ny p\u00e5 arbetsmarknaden? Eller har du kanske l\u00e5ng erfarenhet, men fr\u00e5n en och samma arbetsgivare? Vi pratar om vad som kr\u00e4vs av dig, och vad du sj\u00e4lv kan f\u00f6rv\u00e4nta dig n\u00e4r du ger dig ut p\u00e5 arbetsmarknaden. Det kan handla om allt ifr\u00e5n kl\u00e4dkod till vett och etikett i e-postsammanhang. Tillsammans hittar vi en lagom niv\u00e5.<\/p>\n<p>[\/et_pb_text][\/et_pb_column][et_pb_column type=&#8221;1_3&#8243; _builder_version=&#8221;4.23.1&#8243; _module_preset=&#8221;default&#8221; global_colors_info=&#8221;{}&#8221;][et_pb_text _builder_version=&#8221;4.23.1&#8243; _module_preset=&#8221;default&#8221; global_colors_info=&#8221;{}&#8221;]<\/p>\n<h4><img loading=\"lazy\" decoding=\"async\" src=\"https:\/\/www.carismacoaching.se\/wp-content\/uploads\/2023\/12\/5-2.png\" width=\"100\" height=\"100\" alt=\"\" class=\"wp-image-1314 alignnone size-full\" style=\"display: block; margin-left: auto; margin-right: auto;\" \/><\/h4>\n<h4 style=\"text-align: center;\"><strong>Fira din framg\u00e5ng \u2013 planera din forts\u00e4ttning<\/strong><\/h4>\n<p>Mot slutet av v\u00e5rt samarbete summerar vi v\u00e5rt arbete och din f\u00f6r\u00e4ndringsprocess. Hur l\u00e5ngt har du kommit? Vilka delm\u00e5l finns kvar att uppfylla? Vad tar du med dig, och hur g\u00e5r du vidare? Forts\u00e4tt din utveckling, men fira ocks\u00e5 din framg\u00e5ng.<\/p>\n<p>[\/et_pb_text][\/et_pb_column][\/et_pb_row][\/et_pb_section][et_pb_section fb_built=&#8221;1&#8243; _builder_version=&#8221;4.23.1&#8243; _module_preset=&#8221;default&#8221; custom_padding=&#8221;0px||15px|||&#8221; global_colors_info=&#8221;{}&#8221;][et_pb_row _builder_version=&#8221;4.23.1&#8243; _module_preset=&#8221;default&#8221; global_colors_info=&#8221;{}&#8221;][et_pb_column type=&#8221;4_4&#8243; _builder_version=&#8221;4.23.1&#8243; _module_preset=&#8221;default&#8221; global_colors_info=&#8221;{}&#8221;][et_pb_text _builder_version=&#8221;4.23.1&#8243; _module_preset=&#8221;default&#8221; text_font_size=&#8221;17px&#8221; background_color=&#8221;#fcfcfc&#8221; custom_margin=&#8221;|||0px|false|false&#8221; custom_padding=&#8221;|26px|19px|24px|false|false&#8221; global_colors_info=&#8221;{}&#8221;]<\/p>\n<div class=\"gis-image\" style=\"text-align: center;\"><img decoding=\"async\" class=\"lazy\" data-original=\"\" alt=\"\" src=\"data:image\/png;base64,iVBORw0KGgoAAAANSUhEUgAAAAEAAAABCAYAAAAfFcSJAAAAAXNSR0IArs4c6QAAAARnQU1BAACxjwv8YQUAAAAJcEhZcwAADsQAAA7EAZUrDhsAAAANSURBVBhXYzh8+PB\/AAffA0nNPuCLAAAAAElFTkSuQmCC\" \/><\/div>\n<div class=\"gis-text\">\n<h4><\/h4>\n<p style=\"text-align: center;\">Vi anv\u00e4nder hela eller delar av Carisma-modellen i alla v\u00e5ra uppdrag inom karri\u00e4rcoaching, jobbcoaching och outplacement. Vi har mycket goda erfarenheter av detta s\u00e4tt att coacha dig som s\u00f6ker nytt jobb. Vill du veta mer? Kontakta oss g\u00e4rna med dina fr\u00e5gor.<\/p>\n<\/div>\n<p>[\/et_pb_text][\/et_pb_column][\/et_pb_row][\/et_pb_section][et_pb_section fb_built=&#8221;1&#8243; _builder_version=&#8221;4.23.1&#8243; _module_preset=&#8221;default&#8221; custom_padding=&#8221;0px|||||&#8221; global_colors_info=&#8221;{}&#8221;][et_pb_row _builder_version=&#8221;4.23.1&#8243; _module_preset=&#8221;default&#8221; global_colors_info=&#8221;{}&#8221;][et_pb_column type=&#8221;4_4&#8243; _builder_version=&#8221;4.23.1&#8243; _module_preset=&#8221;default&#8221; global_colors_info=&#8221;{}&#8221;][et_pb_contact_form captcha=&#8221;off&#8221; email=&#8221;helen@carismacoaching.se&#8221; success_message=&#8221;Tack f\u00f6r ditt meddelande! Vi \u00e5terkommer snart!&#8221; _builder_version=&#8221;4.23.1&#8243; _module_preset=&#8221;default&#8221; _unique_id=&#8221;d820375a-a14b-428c-ba25-63e5628fb50b&#8221; custom_button=&#8221;on&#8221; button_text_color=&#8221;#FFFFFF&#8221; button_bg_color=&#8221;#A30030&#8243; button_border_width=&#8221;0px&#8221; button_border_radius=&#8221;0px&#8221; global_colors_info=&#8221;{}&#8221;][et_pb_contact_field field_id=&#8221;Name&#8221; field_title=&#8221;Namn&#8221; _builder_version=&#8221;4.16&#8243; global_colors_info=&#8221;{}&#8221; button_text_size__hover_enabled=&#8221;off&#8221; button_one_text_size__hover_enabled=&#8221;off&#8221; button_two_text_size__hover_enabled=&#8221;off&#8221; button_text_color__hover_enabled=&#8221;off&#8221; button_one_text_color__hover_enabled=&#8221;off&#8221; button_two_text_color__hover_enabled=&#8221;off&#8221; button_border_width__hover_enabled=&#8221;off&#8221; button_one_border_width__hover_enabled=&#8221;off&#8221; button_two_border_width__hover_enabled=&#8221;off&#8221; button_border_color__hover_enabled=&#8221;off&#8221; button_one_border_color__hover_enabled=&#8221;off&#8221; button_two_border_color__hover_enabled=&#8221;off&#8221; button_border_radius__hover_enabled=&#8221;off&#8221; button_one_border_radius__hover_enabled=&#8221;off&#8221; button_two_border_radius__hover_enabled=&#8221;off&#8221; button_letter_spacing__hover_enabled=&#8221;off&#8221; button_one_letter_spacing__hover_enabled=&#8221;off&#8221; button_two_letter_spacing__hover_enabled=&#8221;off&#8221; button_bg_color__hover_enabled=&#8221;off&#8221; button_one_bg_color__hover_enabled=&#8221;off&#8221; button_two_bg_color__hover_enabled=&#8221;off&#8221;][\/et_pb_contact_field][et_pb_contact_field field_id=&#8221;Email&#8221; field_title=&#8221;E-postadress&#8221; field_type=&#8221;email&#8221; _builder_version=&#8221;4.16&#8243; global_colors_info=&#8221;{}&#8221; button_text_size__hover_enabled=&#8221;off&#8221; button_one_text_size__hover_enabled=&#8221;off&#8221; button_two_text_size__hover_enabled=&#8221;off&#8221; button_text_color__hover_enabled=&#8221;off&#8221; button_one_text_color__hover_enabled=&#8221;off&#8221; button_two_text_color__hover_enabled=&#8221;off&#8221; button_border_width__hover_enabled=&#8221;off&#8221; button_one_border_width__hover_enabled=&#8221;off&#8221; button_two_border_width__hover_enabled=&#8221;off&#8221; button_border_color__hover_enabled=&#8221;off&#8221; button_one_border_color__hover_enabled=&#8221;off&#8221; button_two_border_color__hover_enabled=&#8221;off&#8221; button_border_radius__hover_enabled=&#8221;off&#8221; button_one_border_radius__hover_enabled=&#8221;off&#8221; button_two_border_radius__hover_enabled=&#8221;off&#8221; button_letter_spacing__hover_enabled=&#8221;off&#8221; button_one_letter_spacing__hover_enabled=&#8221;off&#8221; button_two_letter_spacing__hover_enabled=&#8221;off&#8221; button_bg_color__hover_enabled=&#8221;off&#8221; button_one_bg_color__hover_enabled=&#8221;off&#8221; button_two_bg_color__hover_enabled=&#8221;off&#8221;][\/et_pb_contact_field][et_pb_contact_field field_id=&#8221;Message&#8221; field_title=&#8221;Meddelande&#8221; field_type=&#8221;text&#8221; fullwidth_field=&#8221;on&#8221; _builder_version=&#8221;4.16&#8243; global_colors_info=&#8221;{}&#8221; button_text_size__hover_enabled=&#8221;off&#8221; button_one_text_size__hover_enabled=&#8221;off&#8221; button_two_text_size__hover_enabled=&#8221;off&#8221; button_text_color__hover_enabled=&#8221;off&#8221; button_one_text_color__hover_enabled=&#8221;off&#8221; button_two_text_color__hover_enabled=&#8221;off&#8221; button_border_width__hover_enabled=&#8221;off&#8221; button_one_border_width__hover_enabled=&#8221;off&#8221; button_two_border_width__hover_enabled=&#8221;off&#8221; button_border_color__hover_enabled=&#8221;off&#8221; button_one_border_color__hover_enabled=&#8221;off&#8221; button_two_border_color__hover_enabled=&#8221;off&#8221; button_border_radius__hover_enabled=&#8221;off&#8221; button_one_border_radius__hover_enabled=&#8221;off&#8221; button_two_border_radius__hover_enabled=&#8221;off&#8221; button_letter_spacing__hover_enabled=&#8221;off&#8221; button_one_letter_spacing__hover_enabled=&#8221;off&#8221; button_two_letter_spacing__hover_enabled=&#8221;off&#8221; button_bg_color__hover_enabled=&#8221;off&#8221; button_one_bg_color__hover_enabled=&#8221;off&#8221; button_two_bg_color__hover_enabled=&#8221;off&#8221;][\/et_pb_contact_field][\/et_pb_contact_form][\/et_pb_column][\/et_pb_row][\/et_pb_section]<\/p>\n","protected":false},"excerpt":{"rendered":"<p>Carisma-modellen \u2013 en metod f\u00f6r aktiv framg\u00e5ngDu \u00e4r unik. Du har dina personliga m\u00e5ls\u00e4ttningar, utmaningar, resurser och behov. Carisma-modellen \u00e4r ett effektivt verktyg som hj\u00e4lper oss att ringa in hur vi som karri\u00e4rcoacher st\u00f6ttar din utveckling p\u00e5 b\u00e4sta s\u00e4tt. Nul\u00e4ge och framtidsplaner Tillsammans kartl\u00e4gger vi var du st\u00e5r i dag och vad du skulle vilja [&hellip;]<\/p>\n","protected":false},"author":1,"featured_media":0,"parent":0,"menu_order":0,"comment_status":"closed","ping_status":"closed","template":"","meta":{"_et_pb_use_builder":"on","_et_pb_old_content":"","_et_gb_content_width":"","footnotes":""},"class_list":["post-961","page","type-page","status-publish","hentry"],"jetpack_sharing_enabled":true,"_links":{"self":[{"href":"https:\/\/www.carismacoaching.se\/index.php?rest_route=\/wp\/v2\/pages\/961","targetHints":{"allow":["GET"]}}],"collection":[{"href":"https:\/\/www.carismacoaching.se\/index.php?rest_route=\/wp\/v2\/pages"}],"about":[{"href":"https:\/\/www.carismacoaching.se\/index.php?rest_route=\/wp\/v2\/types\/page"}],"author":[{"embeddable":true,"href":"https:\/\/www.carismacoaching.se\/index.php?rest_route=\/wp\/v2\/users\/1"}],"replies":[{"embeddable":true,"href":"https:\/\/www.carismacoaching.se\/index.php?rest_route=%2Fwp%2Fv2%2Fcomments&post=961"}],"version-history":[{"count":26,"href":"https:\/\/www.carismacoaching.se\/index.php?rest_route=\/wp\/v2\/pages\/961\/revisions"}],"predecessor-version":[{"id":1377,"href":"https:\/\/www.carismacoaching.se\/index.php?rest_route=\/wp\/v2\/pages\/961\/revisions\/1377"}],"wp:attachment":[{"href":"https:\/\/www.carismacoaching.se\/index.php?rest_route=%2Fwp%2Fv2%2Fmedia&parent=961"}],"curies":[{"name":"wp","href":"https:\/\/api.w.org\/{rel}","templated":true}]}}