{"id":949,"date":"2023-07-01T19:18:06","date_gmt":"2023-07-01T19:18:06","guid":{"rendered":"https:\/\/www.carismacoaching.se\/?page_id=949"},"modified":"2023-12-07T08:58:01","modified_gmt":"2023-12-07T08:58:01","slug":"mall-om-oss","status":"publish","type":"page","link":"https:\/\/www.carismacoaching.se\/?page_id=949","title":{"rendered":"Tj\u00e4nster"},"content":{"rendered":"<p>[et_pb_section fb_built=&#8221;1&#8243; admin_label=&#8221;Header&#8221; _builder_version=&#8221;4.23.1&#8243; _module_preset=&#8221;default&#8221; use_background_color_gradient=&#8221;on&#8221; background_color_gradient_stops=&#8221;rgba(0,0,0,0) 0%|#515151 100%&#8221; background_color_gradient_overlays_image=&#8221;on&#8221; background_image=&#8221;https:\/\/www.carismacoaching.se\/wp-content\/uploads\/2023\/11\/Profilfoto-Helen_4-svartvit-av-Susan-pa-Gillblads.jpeg&#8221; custom_padding=&#8221;208px||66px|||&#8221; locked=&#8221;off&#8221; collapsed=&#8221;on&#8221; global_colors_info=&#8221;{}&#8221;][et_pb_row _builder_version=&#8221;4.20.0&#8243; _module_preset=&#8221;default&#8221; custom_padding=&#8221;0px|||||&#8221; global_colors_info=&#8221;{}&#8221;][et_pb_column type=&#8221;4_4&#8243; _builder_version=&#8221;4.20.0&#8243; _module_preset=&#8221;default&#8221; global_colors_info=&#8221;{}&#8221;][et_pb_text _builder_version=&#8221;4.23.1&#8243; _module_preset=&#8221;91a3c012-ebb9-425a-bf96-24a6fdf25e59&#8243; header_font=&#8221;Lato|700|||||||&#8221; header_text_align=&#8221;right&#8221; header_text_color=&#8221;#FFFFFF&#8221; text_orientation=&#8221;center&#8221; custom_margin=&#8221;-16px|||||&#8221; custom_padding=&#8221;30px|||||&#8221; hover_enabled=&#8221;0&#8243; header_font_size_phone=&#8221;40px&#8221; global_colors_info=&#8221;{}&#8221; sticky_enabled=&#8221;0&#8243;]<\/p>\n<h1>\u00a0Karri\u00e4rr\u00e5dgivning &amp; jobbcoaching<\/h1>\n<p>[\/et_pb_text][\/et_pb_column][\/et_pb_row][\/et_pb_section][et_pb_section fb_built=&#8221;1&#8243; _builder_version=&#8221;4.23.1&#8243; _module_preset=&#8221;default&#8221; background_color=&#8221;#cc123c&#8221; custom_padding=&#8221;37px||29px|||&#8221; global_colors_info=&#8221;{}&#8221;][et_pb_row _builder_version=&#8221;4.23.1&#8243; _module_preset=&#8221;default&#8221; custom_margin=&#8221;-9px|auto||auto||&#8221; custom_padding=&#8221;21px|||||&#8221; global_colors_info=&#8221;{}&#8221;][et_pb_column type=&#8221;4_4&#8243; _builder_version=&#8221;4.23.1&#8243; _module_preset=&#8221;default&#8221; global_colors_info=&#8221;{}&#8221;][et_pb_text _builder_version=&#8221;4.23.1&#8243; _module_preset=&#8221;default&#8221; text_font=&#8221;Lato|700|||||||&#8221; text_text_color=&#8221;#FFFFFF&#8221; text_font_size=&#8221;17px&#8221; global_colors_info=&#8221;{}&#8221;]<\/p>\n<p><span>Som karri\u00e4r- och jobbcoacher tr\u00e4ffar vi dagligen m\u00e4nniskor som p\u00e5 ett eller annat s\u00e4tt beh\u00f6ver ta steget vidare. Det kan finnas m\u00e5nga orsaker till att vilja ha ett nytt jobb. Oavsett din nuvarande situation hj\u00e4lper vi dig att s\u00e4tta m\u00e5len och g\u00f6ra handlingsplanen som tar dig dit du vill.<\/span><\/p>\n<p>[\/et_pb_text][\/et_pb_column][\/et_pb_row][\/et_pb_section][et_pb_section fb_built=&#8221;1&#8243; admin_label=&#8221;Service Info&#8221; _builder_version=&#8221;4.23.1&#8243; _module_preset=&#8221;default&#8221; background_color=&#8221;#FFFFFF&#8221; custom_padding=&#8221;||13px|||&#8221; collapsed=&#8221;on&#8221; global_colors_info=&#8221;{}&#8221;][et_pb_row _builder_version=&#8221;4.23.1&#8243; _module_preset=&#8221;default&#8221; custom_margin=&#8221;-14px|auto||auto||&#8221; global_colors_info=&#8221;{}&#8221;][et_pb_column type=&#8221;4_4&#8243; _builder_version=&#8221;4.23.1&#8243; _module_preset=&#8221;default&#8221; global_colors_info=&#8221;{}&#8221;][et_pb_text _builder_version=&#8221;4.23.1&#8243; _module_preset=&#8221;default&#8221; text_font=&#8221;Lato||||||||&#8221; text_line_height=&#8221;1.8em&#8221; header_font=&#8221;Lato||||||||&#8221; header_font_size=&#8221;40px&#8221; global_colors_info=&#8221;{}&#8221;]<\/p>\n<h1>Karri\u00e4rr\u00e5dgivning &amp; jobbcoaching \u2013 f\u00f6r dig som s\u00f6ker nytt jobb<\/h1>\n<h4><\/h4>\n<h4><strong><\/strong><\/h4>\n<h4><strong>Karri\u00e4rcoach \u2013 f\u00f6r dig som har ett jobb men vill ta karri\u00e4ren vidare<\/strong><\/h4>\n<p>K\u00e4nner du dig f\u00e4rdig p\u00e5 ditt nuvarande jobb? D\u00e5 \u00e4r det dags att ta steget vidare. Med hj\u00e4lp av en karri\u00e4rcoach g\u00e5r processen mot nytt jobb snabbare, och du f\u00e5r professionellt st\u00f6d under tiden. Vi hj\u00e4lper dig att inventera dina f\u00f6rm\u00e5gor men ocks\u00e5 att t\u00e4nka nytt kring ditt framtida yrkesval. Med oss som bollplank kan du ta din karri\u00e4r till en ny niv\u00e5.<\/p>\n<h4><strong>Jobbcoach \u2013 f\u00f6r dig som \u00e4r arbetss\u00f6kande och s\u00f6ker jobb<\/strong><\/h4>\n<p>S\u00f6ker du jobb? Med st\u00f6d av en jobbcoach har du st\u00f6rre chans att hitta r\u00e4tt. Vi hj\u00e4lper dig med praktiska saker som att inventera ditt befintliga kontaktn\u00e4t, skriva ett bra CV och tr\u00e4na inf\u00f6r anst\u00e4llningsintervjun. Vi hj\u00e4lper dig ocks\u00e5 att l\u00e4ra k\u00e4nna dig sj\u00e4lva, dina behov, dina kontakter och resurser b\u00e4ttre, s\u00e5 att du med ny energi och god sj\u00e4lvk\u00e4nsla kan ge dig ut p\u00e5 arbetsmarknaden och hitta ett jobb som \u00e4r precis r\u00e4tt f\u00f6r just dig.<\/p>\n<h4><strong>Vad kan en karri\u00e4rcoach\/jobbcoach hj\u00e4lpa dig med?<\/strong><\/h4>\n<p>N\u00e5gonting f\u00e5r dig att vilja vidare, men m\u00e5nga g\u00e5nger kan m\u00e5let k\u00e4nnas oklart och v\u00e4gen dit sn\u00e5rig. Vi hj\u00e4lper dig att analysera ditt utg\u00e5ngsl\u00e4ge, s\u00e4tta upp tydliga m\u00e5l samt v\u00e4lja ut r\u00e4tt aktiviteter f\u00f6r att ta dig \u00e4nda fram till nytt jobb.<\/p>\n<p>V\u00e5ra karri\u00e4r- och jobbcoacher \u00e4r certifierade p\u00e5 ACC-niv\u00e5 inom ICF (International Coach Federation). Vi arbetar utifr\u00e5n v\u00e5r egen Carisma-modell, en individuellt anpassningsbar metod som har visat sig vara mycket framg\u00e5ngsrik i jakten p\u00e5 nytt jobb.<\/p>\n<p><strong>Exempel p\u00e5 tj\u00e4nster vi erbjuder \u00e4r:<\/strong><\/p>\n<ul>\n<li><span>Karri\u00e4rutveckling och karri\u00e4rplanering<\/span><\/li>\n<li><span>Kompetensprofil och fullst\u00e4ndig kompetensinventering<\/span><\/li>\n<li><span>CV-granskning<\/span><\/li>\n<li><span>Kartl\u00e4ggning \u2013 vilka \u00e4r dina personliga resurser?<\/span><\/li>\n<li><span>Personligt brev \u2013 stick ut ur m\u00e4ngden p\u00e5 r\u00e4tt s\u00e4tt<\/span><\/li>\n<li><span>Spontanans\u00f6kningar \u2013 s\u00e5 g\u00f6r du<\/span><\/li>\n<li><span>Intervjutr\u00e4ning \u2013 toppa formen<\/span><\/li>\n<li><span>Kartl\u00e4ggning \u2013 var finns jobben som passar dig?<\/span><\/li>\n<\/ul>\n<p><span>\u00c4r du nyfiken p\u00e5 hur vi kan hj\u00e4lpa dig till r\u00e4tt jobb? Kontakta oss s\u00e5 ber\u00e4ttar vi g\u00e4rna mer.<\/span><span><\/span><span><br \/><\/span><\/p>\n<p><span><\/span><\/p>\n<h4>Medlem i Civilekonomerna eller Sveriges Ingenj\u00f6rer?<\/h4>\n<p>\u00c4r du medlem i n\u00e5got av fackf\u00f6rbunden <a rel=\"noopener noreferrer\" href=\"http:\/\/www.civilekonomerna.se\/rad-stod\/karriarcoachning\" target=\"_blank\">Civilekonomerna<\/a> eller <a rel=\"noopener noreferrer\" href=\"http:\/\/www.sverigesingenjorer.se\/Medlemskap\/Om-Medlemskapet-\/Karriar-och-utveckling\/\" target=\"_blank\">Sveriges Ingenj\u00f6rer<\/a>? D\u00e5 har du chans att f\u00e5 karri\u00e4rr\u00e5dgivning och tr\u00e4ffa en jobbcoach via Carisma Coaching. Kontakta ditt fackf\u00f6rbund f\u00f6r mer information och f\u00f6r att boka.<\/p>\n<p>[\/et_pb_text][\/et_pb_column][\/et_pb_row][et_pb_row _builder_version=&#8221;4.20.0&#8243; _module_preset=&#8221;default&#8221; global_colors_info=&#8221;{}&#8221;][et_pb_column type=&#8221;4_4&#8243; _builder_version=&#8221;4.20.0&#8243; _module_preset=&#8221;default&#8221; global_colors_info=&#8221;{}&#8221;][et_pb_image src=&#8221;https:\/\/www.carismacoaching.se\/wp-content\/uploads\/2023\/11\/3S1A7310-scaled.jpg&#8221; title_text=&#8221;3S1A7310&#8243; _builder_version=&#8221;4.23.1&#8243; _module_preset=&#8221;default&#8221; global_colors_info=&#8221;{}&#8221;][\/et_pb_image][\/et_pb_column][\/et_pb_row][\/et_pb_section][et_pb_section fb_built=&#8221;1&#8243; _builder_version=&#8221;4.23.1&#8243; _module_preset=&#8221;default&#8221; custom_padding=&#8221;9px|||||&#8221; global_colors_info=&#8221;{}&#8221;][et_pb_row _builder_version=&#8221;4.23.1&#8243; _module_preset=&#8221;default&#8221; global_colors_info=&#8221;{}&#8221;][et_pb_column type=&#8221;4_4&#8243; _builder_version=&#8221;4.23.1&#8243; _module_preset=&#8221;default&#8221; global_colors_info=&#8221;{}&#8221;][et_pb_text _builder_version=&#8221;4.23.1&#8243; _module_preset=&#8221;747c7fbd-869d-4766-8c63-e3220bebff76&#8243; header_text_align=&#8221;center&#8221; header_text_color=&#8221;#000000&#8243; header_2_font=&#8221;Lato||||||||&#8221; header_2_text_align=&#8221;left&#8221; header_2_font_size=&#8221;36px&#8221; header_3_font=&#8221;Lato|||on|||||&#8221; global_colors_info=&#8221;{}&#8221;]<\/p>\n<h2 style=\"text-align: left;\">Outplacement &amp; omst\u00e4llning<\/h2>\n<p>[\/et_pb_text][\/et_pb_column][\/et_pb_row][\/et_pb_section][et_pb_section fb_built=&#8221;1&#8243; _builder_version=&#8221;4.23.1&#8243; _module_preset=&#8221;default&#8221; background_color=&#8221;#cc123c&#8221; custom_margin=&#8221;-53px|||||&#8221; custom_padding=&#8221;0px||10px|||&#8221; global_colors_info=&#8221;{}&#8221;][et_pb_row _builder_version=&#8221;4.23.1&#8243; _module_preset=&#8221;default&#8221; custom_margin=&#8221;-24px|auto||auto||&#8221; global_colors_info=&#8221;{}&#8221; custom_padding=&#8221;|1px||||&#8221;][et_pb_column type=&#8221;4_4&#8243; _builder_version=&#8221;4.23.1&#8243; _module_preset=&#8221;default&#8221; global_colors_info=&#8221;{}&#8221;][et_pb_text _builder_version=&#8221;4.23.1&#8243; _module_preset=&#8221;default&#8221; text_font=&#8221;Lato|700|||||||&#8221; text_text_color=&#8221;#FFFFFF&#8221; text_font_size=&#8221;17px&#8221; background_color=&#8221;RGBA(255,255,255,0)&#8221; global_colors_info=&#8221;{}&#8221;]<\/p>\n<p><span>Att byta jobb \u00e4r en utmaning i sig. Att tvingas byta jobb p\u00e5 grund av exempelvis upps\u00e4gning eller omorganisation \u00e4r ett \u00e4nnu st\u00f6rre steg. Carisma Coaching erbjuder omst\u00e4llningsst\u00f6d vid varsel och liknande sv\u00e5ra situationer, och vi fungerar som karri\u00e4rcoach f\u00f6r dig som beh\u00f6ver st\u00f6d p\u00e5 v\u00e4gen mot en ny anst\u00e4llning.<\/span><\/p>\n<p>[\/et_pb_text][\/et_pb_column][\/et_pb_row][\/et_pb_section][et_pb_section fb_built=&#8221;1&#8243; _builder_version=&#8221;4.23.1&#8243; _module_preset=&#8221;default&#8221; custom_padding=&#8221;38px||5px|||&#8221; global_colors_info=&#8221;{}&#8221;][et_pb_row _builder_version=&#8221;4.23.1&#8243; _module_preset=&#8221;default&#8221; custom_padding=&#8221;0px|||||&#8221; global_colors_info=&#8221;{}&#8221;][et_pb_column type=&#8221;4_4&#8243; _builder_version=&#8221;4.23.1&#8243; _module_preset=&#8221;default&#8221; global_colors_info=&#8221;{}&#8221;][et_pb_text _builder_version=&#8221;4.23.1&#8243; _module_preset=&#8221;default&#8221; text_font=&#8221;Lato||||||||&#8221; global_colors_info=&#8221;{}&#8221;]<\/p>\n<p><span>Outplacement inneb\u00e4r att en arbetsgivare erbjuder uppsagda medarbetare ett externt st\u00f6d f\u00f6r att hitta en ny anst\u00e4llning snabbare. F\u00f6r arbetsgivaren \u00e4r detta en fin m\u00f6jlighet att hj\u00e4lpa medarbetaren till ett bra avslut. F\u00f6r den enskilde inneb\u00e4r det ett personligt st\u00f6d i en omv\u00e4lvande och ofta k\u00e4nslom\u00e4ssigt sv\u00e5r situation.<\/span><\/p>\n<p>N\u00e4r vi arbetar med outplacement och omst\u00e4llning handlar det dels om att b\u00e4dda f\u00f6r en mjuk landning, dels att vara ett st\u00f6d p\u00e5 v\u00e4gen mot nytt jobb. F\u00f6r\u00e4ndring \u00e4r ingen l\u00e4tt sak, och f\u00f6r den som pl\u00f6tsligt m\u00e5ste byta anst\u00e4llning kan situationen k\u00e4nnas tuff, ibland n\u00e4stan \u00f6verm\u00e4ktig. I f\u00f6rsta l\u00e4get handlar det d\u00e4rf\u00f6r om att landa i den nya situationen. Att f\u00e5 hj\u00e4lp att hantera alla de k\u00e4nslor den v\u00e4cker. D\u00e4refter fungerar vi som bollplank i s\u00f6kandet efter nya m\u00f6jligheter. Vi hj\u00e4lper dig att inventera dina f\u00f6ruts\u00e4ttningar och l\u00e4gga upp en plan f\u00f6r hur du ska g\u00e5 vidare. V\u00e5r m\u00e5ls\u00e4ttning \u00e4r att den f\u00f6r\u00e4ndring som i b\u00f6rjan k\u00e4nns sv\u00e5r p\u00e5 sikt ska kunna leda till nya, inspirerande m\u00f6jligheter.<\/p>\n<h4><strong><\/strong><\/h4>\n<h4><strong>Exempel p\u00e5 st\u00f6d vi ger vid outplacement och omst\u00e4llning<\/strong><\/h4>\n<ul>\n<li><span>F\u00f6r\u00e4ndringshantering \u2013 vad inneb\u00e4r din nya situation, k\u00e4nslom\u00e4ssigt och i praktiken? Hur kan du v\u00e4nda en omkullkastad nutid till en utvecklande framtid?<\/span><\/li>\n<li><span>Kompetensprofil \u2013 vilka \u00e4r dina nya f\u00f6ruts\u00e4ttningar? Och hur tar du b\u00e4st tillvara p\u00e5 dina resurser?<\/span><\/li>\n<li><span>M\u00e5ls\u00e4ttning \u2013 vad vill du g\u00f6ra nu? Fria dr\u00f6mmar och smarta m\u00e5l ing\u00e5r b\u00e5da i en medveten karri\u00e4rplanering.<\/span><\/li>\n<li><span>Aktivitetsplan \u2013 steg f\u00f6r steg l\u00e4ngs v\u00e4gen mot ett nytt jobb. Vi hj\u00e4lper till med cv-granskning, intervjutr\u00e4ning, att inventera och bygga ut ditt professionella kontaktn\u00e4t, att hitta de \u201dosynliga\u201d jobben och allt annat som hj\u00e4lper dig att n\u00e5 m\u00e5let, en ny anst\u00e4llning.<\/span><span><\/span><span><\/span><span><\/span><\/li>\n<\/ul>\n<h4><strong><\/strong><\/h4>\n<h4><strong>Outplacement &amp; omst\u00e4llning \u2013 s\u00e5 g\u00e5r det till<\/strong><\/h4>\n<p>Vi \u00e4r alla olika, och d\u00e4rf\u00f6r individanpassar vi alltid v\u00e5ra outplacement-tj\u00e4nster. Finns det flera ber\u00f6rda hos en och samma f\u00f6retagskund kan vi skr\u00e4ddarsy ett omst\u00e4llningsprogram f\u00f6r gruppen som helhet, men individuellt omst\u00e4llningsst\u00f6d ing\u00e5r ocks\u00e5 alltid. Kontakta oss s\u00e5 ber\u00e4ttar vi mer om hur en outplacement-process kan se ut.<\/p>\n<p>&nbsp;<\/p>\n<h4><strong>Omst\u00e4llning via Trygghetsr\u00e5det TRS i G\u00f6teborg<\/strong><\/h4>\n<p>Du som bor i G\u00f6teborg med omnejd och har r\u00e4tt till omst\u00e4llning via <a rel=\"noopener noreferrer\" href=\"http:\/\/www.trs.se\/\" target=\"_blank\">Trygghetsr\u00e5det TRS<\/a> har m\u00f6jlighet att tr\u00e4ffa v\u00e5r karri\u00e4rcoach Hel\u00e9n Gustafsson. Hel\u00e9n fungerar som ditt st\u00f6d och bollplank, samtidigt som Trygghetsr\u00e5det TRS kan hj\u00e4lpa dig med utbildning och andra insatser som tar dig vidare. Kontakta oss p\u00e5 Carisma Coaching eller Trygghetsr\u00e5det TRS f\u00f6r mer information.<\/p>\n<p>[\/et_pb_text][et_pb_image src=&#8221;https:\/\/www.carismacoaching.se\/wp-content\/uploads\/2023\/11\/Profilfoto-Helen_4-svartvit-av-Susan-pa-Gillblads.jpeg&#8221; title_text=&#8221;Profilfoto Helen_4 svartvit av Susan p\u00e5 Gillblads&#8221; _builder_version=&#8221;4.23.1&#8243; _module_preset=&#8221;default&#8221; global_colors_info=&#8221;{}&#8221;][\/et_pb_image][et_pb_text _builder_version=&#8221;4.23.1&#8243; _module_preset=&#8221;747c7fbd-869d-4766-8c63-e3220bebff76&#8243; header_text_align=&#8221;center&#8221; header_text_color=&#8221;#000000&#8243; header_3_font=&#8221;Lato||||||||&#8221; header_3_text_align=&#8221;left&#8221; header_3_font_size=&#8221;40px&#8221; header_3_font_size_phone=&#8221;36px&#8221; global_colors_info=&#8221;{}&#8221;]<\/p>\n<h3 style=\"text-align: left;\">Relocation coaching \u2013 coaching p\u00e5 engelska och svenska<\/h3>\n<p>[\/et_pb_text][\/et_pb_column][\/et_pb_row][\/et_pb_section][et_pb_section fb_built=&#8221;1&#8243; _builder_version=&#8221;4.23.1&#8243; _module_preset=&#8221;default&#8221; background_color=&#8221;#cc123c&#8221; custom_padding=&#8221;39px||25px|||&#8221; hover_enabled=&#8221;0&#8243; global_colors_info=&#8221;{}&#8221; sticky_enabled=&#8221;0&#8243;][et_pb_row _builder_version=&#8221;4.23.1&#8243; _module_preset=&#8221;default&#8221; custom_padding=&#8221;6px|||||&#8221; global_colors_info=&#8221;{}&#8221; custom_margin=&#8221;-14px|auto|-22px|auto||&#8221;][et_pb_column type=&#8221;4_4&#8243; _builder_version=&#8221;4.23.1&#8243; _module_preset=&#8221;default&#8221; global_colors_info=&#8221;{}&#8221;][et_pb_text _builder_version=&#8221;4.23.1&#8243; _module_preset=&#8221;default&#8221; text_font=&#8221;Lato|700|||||||&#8221; text_text_color=&#8221;#FFFFFF&#8221; text_font_size=&#8221;17px&#8221; global_colors_info=&#8221;{}&#8221;]<\/p>\n<p><span>Att flytta utomlands inneb\u00e4r en stor omst\u00e4llning. De praktiska detaljerna \u00e4r relocation-f\u00f6retagen duktiga p\u00e5. Men en utlandsflytt \u00e4r ocks\u00e5 en k\u00e4nslom\u00e4ssig resa. Vi erbjuder relocation coaching p\u00e5 engelska och svenska, som ett st\u00f6d f\u00f6r internationella medarbetare och deras familjer.<\/span><\/p>\n<p>[\/et_pb_text][\/et_pb_column][\/et_pb_row][\/et_pb_section][et_pb_section fb_built=&#8221;1&#8243; _builder_version=&#8221;4.23.1&#8243; _module_preset=&#8221;default&#8221; global_colors_info=&#8221;{}&#8221;][et_pb_row _builder_version=&#8221;4.23.1&#8243; _module_preset=&#8221;default&#8221; global_colors_info=&#8221;{}&#8221;][et_pb_column type=&#8221;4_4&#8243; _builder_version=&#8221;4.23.1&#8243; _module_preset=&#8221;default&#8221; global_colors_info=&#8221;{}&#8221;][et_pb_text _builder_version=&#8221;4.23.1&#8243; _module_preset=&#8221;default&#8221; custom_margin=&#8221;-30px|||||&#8221; global_colors_info=&#8221;{}&#8221;]<\/p>\n<p><span>F\u00f6retag som arbetar med relocation och mobility v\u00e4rlden \u00f6ver hj\u00e4lper till med att skaffa bankkonto, hitta en bra skola till barnen, ans\u00f6ka om nytt k\u00f6rkort och s\u00e5 vidare. Relocation coaching g\u00e5r d\u00e4remot ut p\u00e5 att st\u00f6tta expatriaten och medf\u00f6ljande familj i de k\u00e4nslom\u00e4ssiga utmaningar en omlokalisering inneb\u00e4r.<\/span><\/p>\n<p>Relocation coaching handlar om att vara ett objektivt och professionellt bollplank f\u00f6r internationella medarbetare som sj\u00e4lva eller tillsammans med sina familjer flyttar till Sverige. Vi kan Sverige och vi \u00e4r ett tryggt st\u00f6d f\u00f6r dem som landar h\u00e4r, i ett nytt land och en helt ny vardag. Vi coachar expats och deras familjer p\u00e5 engelska och svenska, i G\u00f6teborg och \u00f6vriga Sverige samt p\u00e5 distans via telefon och Skype.<\/p>\n<h4><strong>Exempel p\u00e5 st\u00f6d vi ger vid relocation<\/strong><\/h4>\n<ul>\n<li>Nytt land. Nytt spr\u00e5k. Och en helt ny aff\u00e4rskultur. Hur fungerar det svenska arbetslivet? Vad utm\u00e4rker svenska ledare? Vilka oskrivna regler finns? Vad kan jag f\u00f6rv\u00e4nta mig p\u00e5 min nya arbetsplats? Och vilka f\u00f6rv\u00e4ntningar kommer det att ha p\u00e5 mig? Vi f\u00f6rbereder och st\u00f6ttar internationella medarbetare.<\/li>\n<li>Karri\u00e4rcoaching f\u00f6r medf\u00f6ljande partners. Vi fungerar som guider till den svenska arbetsmarknaden och st\u00f6ttar p\u00e5 v\u00e4gen mot en ny, meningsfull syssels\u00e4ttning i Sverige.<\/li>\n<li>Hur m\u00e5r familjen? Ibland beh\u00f6ver man fokusera p\u00e5 hela familjens livssituation f\u00f6r att f\u00e5 det att fungera. N\u00e4r n\u00e5gon har fullt upp i en ny roll och en annan g\u00e5r hemma utan vare sig syssels\u00e4ttning eller socialt n\u00e4tverk uppst\u00e5r l\u00e4tt obalans. Vi fungerar som en oberoende, st\u00f6ttande part.<\/li>\n<\/ul>\n<h4><strong>Relocation coaching \u2013 s\u00e5 g\u00e5r det till<\/strong><\/h4>\n<p>V\u00e5ra relocation-kunder kommer var och en med sina f\u00f6ruts\u00e4ttningar fr\u00e5n vitt skilda delar av v\u00e4rlden. V\u00e5rt m\u00e5l \u00e4r att ge dem ett professionellt och engagerat bem\u00f6tande som \u00e4r tillr\u00e4ckligt flexibelt f\u00f6r att passa alla dessa individers behov. Det kan inneb\u00e4ra enskilda samtal eller samtal d\u00e4r hela familjen deltar. Det kan vara p\u00e5 plats h\u00e4r i Sverige, men ocks\u00e5 p\u00e5 distans inf\u00f6r flytten hit. Eller kanske b\u00e5de och, om ena parten redan har flyttat hit och den andra bor kvar i hemlandet men planerar att snart komma efter. Kontakta oss s\u00e5 ber\u00e4ttar vi mer om vad vi kan bidra med i en relocation-process.<\/p>\n<h4><strong>Coaching f\u00f6r Alfa Quality Moving &amp; Relocations kunder<\/strong><\/h4>\n<p>Vi samarbetar med <a rel=\"noopener noreferrer\" href=\"http:\/\/www.alfamoving.se\/\" target=\"_blank\">Alfa Quality Moving &amp; Relocation (AQM)<\/a>. Tillsammans erbjuder vi en komplett relocation-service med st\u00f6d i s\u00e5v\u00e4l praktiska som k\u00e4nslom\u00e4ssiga fr\u00e5gor. Kontakta oss p\u00e5 Carisma Coaching eller AQM f\u00f6r mer information om hur vi kan hj\u00e4lpa dig och din familj.<\/p>\n<p>[\/et_pb_text][\/et_pb_column][\/et_pb_row][\/et_pb_section]<\/p>\n","protected":false},"excerpt":{"rendered":"<p>\u00a0Karri\u00e4rr\u00e5dgivning &amp; jobbcoachingSom karri\u00e4r- och jobbcoacher tr\u00e4ffar vi dagligen m\u00e4nniskor som p\u00e5 ett eller annat s\u00e4tt beh\u00f6ver ta steget vidare. Det kan finnas m\u00e5nga orsaker till att vilja ha ett nytt jobb. Oavsett din nuvarande situation hj\u00e4lper vi dig att s\u00e4tta m\u00e5len och g\u00f6ra handlingsplanen som tar dig dit du vill.Karri\u00e4rr\u00e5dgivning &amp; jobbcoaching \u2013 f\u00f6r [&hellip;]<\/p>\n","protected":false},"author":1,"featured_media":0,"parent":0,"menu_order":0,"comment_status":"closed","ping_status":"closed","template":"","meta":{"_et_pb_use_builder":"on","_et_pb_old_content":"","_et_gb_content_width":"","footnotes":""},"class_list":["post-949","page","type-page","status-publish","hentry"],"jetpack_sharing_enabled":true,"_links":{"self":[{"href":"https:\/\/www.carismacoaching.se\/index.php?rest_route=\/wp\/v2\/pages\/949","targetHints":{"allow":["GET"]}}],"collection":[{"href":"https:\/\/www.carismacoaching.se\/index.php?rest_route=\/wp\/v2\/pages"}],"about":[{"href":"https:\/\/www.carismacoaching.se\/index.php?rest_route=\/wp\/v2\/types\/page"}],"author":[{"embeddable":true,"href":"https:\/\/www.carismacoaching.se\/index.php?rest_route=\/wp\/v2\/users\/1"}],"replies":[{"embeddable":true,"href":"https:\/\/www.carismacoaching.se\/index.php?rest_route=%2Fwp%2Fv2%2Fcomments&post=949"}],"version-history":[{"count":23,"href":"https:\/\/www.carismacoaching.se\/index.php?rest_route=\/wp\/v2\/pages\/949\/revisions"}],"predecessor-version":[{"id":1379,"href":"https:\/\/www.carismacoaching.se\/index.php?rest_route=\/wp\/v2\/pages\/949\/revisions\/1379"}],"wp:attachment":[{"href":"https:\/\/www.carismacoaching.se\/index.php?rest_route=%2Fwp%2Fv2%2Fmedia&parent=949"}],"curies":[{"name":"wp","href":"https:\/\/api.w.org\/{rel}","templated":true}]}}