{"id":920,"date":"2023-07-01T18:28:57","date_gmt":"2023-07-01T18:28:57","guid":{"rendered":"https:\/\/www.carismacoaching.se\/?page_id=920"},"modified":"2023-12-11T15:04:09","modified_gmt":"2023-12-11T15:04:09","slug":"hem","status":"publish","type":"page","link":"https:\/\/www.carismacoaching.se\/","title":{"rendered":"Hem"},"content":{"rendered":"<p>[et_pb_section fb_built=&#8221;1&#8243; fullwidth=&#8221;on&#8221; _builder_version=&#8221;4.23.1&#8243; _module_preset=&#8221;default&#8221; global_colors_info=&#8221;{}&#8221;][et_pb_fullwidth_slider show_pagination=&#8221;off&#8221; _builder_version=&#8221;4.23.1&#8243; _module_preset=&#8221;default&#8221; custom_padding=&#8221;||305px|||&#8221; global_colors_info=&#8221;{}&#8221;][et_pb_slide heading=&#8221;Redo f\u00f6r f\u00f6r\u00e4ndring?&#8221; button_text=&#8221;L\u00e4s mer om Carisma Coaching&#8221; button_link=&#8221;@ET-DC@eyJkeW5hbWljIjp0cnVlLCJjb250ZW50IjoicG9zdF9saW5rX3VybF9wYWdlIiwic2V0dGluZ3MiOnsicG9zdF9pZCI6Ijk1NSJ9fQ==@&#8221; use_bg_overlay=&#8221;on&#8221; _builder_version=&#8221;4.23.1&#8243; _dynamic_attributes=&#8221;button_link&#8221; _module_preset=&#8221;default&#8221; header_font=&#8221;Lato|700|||||||&#8221; header_text_align=&#8221;left&#8221; header_font_size=&#8221;45px&#8221; body_font=&#8221;Lato|700|||||||&#8221; body_text_align=&#8221;left&#8221; body_font_size=&#8221;17px&#8221; body_line_height=&#8221;1em&#8221; background_enable_color=&#8221;off&#8221; use_background_color_gradient=&#8221;on&#8221; background_color_gradient_stops=&#8221;rgba(224,163,139,0.5) 1%|#e0dad2 100%&#8221; background_image=&#8221;https:\/\/www.carismacoaching.se\/wp-content\/uploads\/2023\/11\/3S1A7310-scaled.jpg&#8221; background_enable_image=&#8221;on&#8221; custom_button=&#8221;on&#8221; button_text_size=&#8221;18px&#8221; button_text_color=&#8221;#ffffff&#8221; button_bg_color=&#8221;#cc123c&#8221; button_border_color=&#8221;#cc123c&#8221; button_font=&#8221;Lato||||||||&#8221; button_icon=&#8221;&#x24;||divi||400&#8243; button_alignment=&#8221;left&#8221; width=&#8221;100%&#8221; global_colors_info=&#8221;{}&#8221; sticky_transition=&#8221;on&#8221;]<\/p>\n<p>Carisma Coaching erbjuder individuell coaching med fokus p\u00e5 m\u00e4nniskan och resultatet.<\/p>\n<p>Alltid med h\u00f6g aff\u00e4rsm\u00e4ssighet<\/p>\n<p>[\/et_pb_slide][et_pb_slide heading=&#8221;Just nu!&#8221; button_text=&#8221;L\u00e4s mer och boka&#8221; button_link=&#8221;@ET-DC@eyJkeW5hbWljIjp0cnVlLCJjb250ZW50IjoicG9zdF9saW5rX3VybF9wYWdlIiwic2V0dGluZ3MiOnsicG9zdF9pZCI6Ijk0OSJ9fQ==@&#8221; use_bg_overlay=&#8221;on&#8221; _builder_version=&#8221;4.23.1&#8243; _dynamic_attributes=&#8221;button_link&#8221; _module_preset=&#8221;default&#8221; header_font=&#8221;Lato|700|||||||&#8221; header_text_align=&#8221;right&#8221; header_font_size=&#8221;48px&#8221; body_font=&#8221;Lato|700|||||||&#8221; body_text_align=&#8221;right&#8221; body_font_size=&#8221;17px&#8221; background_enable_color=&#8221;off&#8221; background_image=&#8221;https:\/\/www.carismacoaching.se\/wp-content\/uploads\/2023\/11\/3S1A7758-scaled.jpg&#8221; background_enable_image=&#8221;on&#8221; custom_button=&#8221;on&#8221; button_text_size=&#8221;16px&#8221; button_bg_color=&#8221;#cc123c&#8221; button_border_color=&#8221;#cc123c&#8221; button_font=&#8221;Lato|700|||||||&#8221; button_icon=&#8221;&#x24;||divi||400&#8243; button_alignment=&#8221;right&#8221; global_colors_info=&#8221;{}&#8221; sticky_transition=&#8221;on&#8221;]<\/p>\n<p>F\u00f6rsta steget mot f\u00f6r\u00e4ndring, boka 3 timmars coaching och betala f\u00f6r 2<\/p>\n<p>[\/et_pb_slide][\/et_pb_fullwidth_slider][\/et_pb_section][et_pb_section fb_built=&#8221;1&#8243; admin_label=&#8221;Header&#8221; _builder_version=&#8221;4.23.1&#8243; _module_preset=&#8221;default&#8221; background_color=&#8221;#cc123c&#8221; background_enable_image=&#8221;off&#8221; custom_padding=&#8221;0vw||0vw||true|false&#8221; locked=&#8221;off&#8221; collapsed=&#8221;on&#8221; global_colors_info=&#8221;{%22gcid-9fa4a1b6-767d-41ca-984c-a6f10449c843%22:%91%22background_color_gradient_stops%22%93}&#8221;][et_pb_row _builder_version=&#8221;4.20.0&#8243; _module_preset=&#8221;default&#8221; max_width=&#8221;800px&#8221; custom_padding=&#8221;33px|||||&#8221; global_colors_info=&#8221;{}&#8221;][et_pb_column type=&#8221;4_4&#8243; _builder_version=&#8221;4.20.0&#8243; _module_preset=&#8221;default&#8221; global_colors_info=&#8221;{}&#8221;][et_pb_text _builder_version=&#8221;4.23.1&#8243; _module_preset=&#8221;9cfc1297-628b-412a-8c4a-9918d16e0e53&#8243; header_font=&#8221;Montserrat||||||||&#8221; header_text_color=&#8221;#FFFFFF&#8221; header_font_size=&#8221;53px&#8221; header_line_height=&#8221;1.1em&#8221; header_2_font=&#8221;Lato|700|||||||&#8221; header_2_text_color=&#8221;#FFFFFF&#8221; text_orientation=&#8221;center&#8221; global_colors_info=&#8221;{}&#8221;]<\/p>\n<h2>Carisma Coaching &#8211; St\u00f6d i f\u00f6r\u00e4ndring &amp; utveckling<\/h2>\n<p>[\/et_pb_text][et_pb_text _builder_version=&#8221;4.23.1&#8243; _module_preset=&#8221;ccfa3a51-ee20-4a40-b389-7debac8be328&#8243; text_font=&#8221;Lato|700|||||||&#8221; text_text_color=&#8221;#FFFFFF&#8221; text_font_size=&#8221;19px&#8221; header_5_text_color=&#8221;#FFFFFF&#8221; global_colors_info=&#8221;{}&#8221;]<\/p>\n<p style=\"text-align: center;\">&#8221;Det g\u00e5r aldrig.&#8221; S\u00e5 t\u00e4nker ingen idrottsman. Tankens makt \u00e4r stor. D\u00e4rf\u00f6r \u00e4r positivt t\u00e4nkande och tydliga m\u00e5l s\u00e5 viktigt, b\u00e5de i och med- och motg\u00e5ng. Framg\u00e5ngsrika m\u00e4nniskor tror p\u00e5 sig sj\u00e4lva. Vi vet att det g\u00e5r<\/p>\n<p>[\/et_pb_text][\/et_pb_column][\/et_pb_row][et_pb_row _builder_version=&#8221;4.23.1&#8243; _module_preset=&#8221;default&#8221; custom_margin=&#8221;-22px|auto||auto||&#8221; global_colors_info=&#8221;{}&#8221;][et_pb_column type=&#8221;4_4&#8243; _builder_version=&#8221;4.23.1&#8243; _module_preset=&#8221;default&#8221; global_colors_info=&#8221;{}&#8221;][et_pb_text _builder_version=&#8221;4.23.1&#8243; _module_preset=&#8221;default&#8221; text_text_color=&#8221;#FFFFFF&#8221; custom_margin=&#8221;-13px||1px|||&#8221; global_colors_info=&#8221;{}&#8221;]<\/p>\n<p style=\"text-align: center;\"><em>&#8211; Hel\u00e9n, Carisma Coaching<\/em><\/p>\n<p>[\/et_pb_text][\/et_pb_column][\/et_pb_row][\/et_pb_section][et_pb_section fb_built=&#8221;1&#8243; _builder_version=&#8221;4.23.1&#8243; _module_preset=&#8221;default&#8221; custom_padding=&#8221;||0px|||&#8221; global_colors_info=&#8221;{}&#8221;][et_pb_row column_structure=&#8221;1_3,1_3,1_3&#8243; _builder_version=&#8221;4.23.1&#8243; _module_preset=&#8221;default&#8221; min_height=&#8221;441.6px&#8221; custom_padding=&#8221;||23px|||&#8221; global_colors_info=&#8221;{}&#8221;][et_pb_column type=&#8221;1_3&#8243; _builder_version=&#8221;4.23.1&#8243; _dynamic_attributes=&#8221;link_option_url&#8221; _module_preset=&#8221;default&#8221; link_option_url=&#8221;@ET-DC@eyJkeW5hbWljIjp0cnVlLCJjb250ZW50IjoicG9zdF9saW5rX3VybF9wYWdlIiwic2V0dGluZ3MiOnsicG9zdF9pZCI6Ijk0OSJ9fQ==@&#8221; global_colors_info=&#8221;{}&#8221;][et_pb_text _builder_version=&#8221;4.23.1&#8243; _module_preset=&#8221;default&#8221; global_colors_info=&#8221;{}&#8221;]<\/p>\n<h3 style=\"text-align: center;\"><span><img loading=\"lazy\" decoding=\"async\" src=\"https:\/\/www.carismacoaching.se\/wp-content\/uploads\/2023\/12\/6-1.png\" width=\"100\" height=\"100\" alt=\"\" class=\"wp-image-1310 alignnone size-full\" \/><br \/><strong><\/strong><\/span><\/h3>\n<h3 style=\"text-align: center;\"><span><strong>Karri\u00e4rcoach<\/strong><\/span><\/h3>\n<p><span>\u00d6ka dina chanser p\u00e5 arbetsmarknaden och i karri\u00e4ren med en professionell karri\u00e4rcoach.<\/span><\/p>\n<p>[\/et_pb_text][\/et_pb_column][et_pb_column type=&#8221;1_3&#8243; _builder_version=&#8221;4.23.1&#8243; _dynamic_attributes=&#8221;link_option_url&#8221; _module_preset=&#8221;default&#8221; link_option_url=&#8221;@ET-DC@eyJkeW5hbWljIjp0cnVlLCJjb250ZW50IjoicG9zdF9saW5rX3VybF9wYWdlIiwic2V0dGluZ3MiOnsicG9zdF9pZCI6Ijk0OSJ9fQ==@&#8221; global_colors_info=&#8221;{}&#8221;][et_pb_text _builder_version=&#8221;4.23.1&#8243; _module_preset=&#8221;default&#8221; global_colors_info=&#8221;{}&#8221;]<\/p>\n<h4 style=\"text-align: center;\"><img loading=\"lazy\" decoding=\"async\" src=\"https:\/\/www.carismacoaching.se\/wp-content\/uploads\/2023\/12\/1.png\" width=\"100\" height=\"100\" alt=\"\" class=\"wp-image-1305 alignnone size-full\" \/><\/h4>\n<h4 style=\"text-align: center;\"><strong>Ledarskapsutveckling<\/strong><\/h4>\n<p style=\"text-align: left;\"><span>Hitta och utveckla din ledarstil med st\u00f6d av en professionell ledarskapscoach.<\/span><\/p>\n<p>[\/et_pb_text][et_pb_text _builder_version=&#8221;4.23.1&#8243; _module_preset=&#8221;default&#8221; custom_margin=&#8221;||1px|||&#8221; global_colors_info=&#8221;{}&#8221;]<\/p>\n<h4><img loading=\"lazy\" decoding=\"async\" src=\"https:\/\/www.carismacoaching.se\/wp-content\/uploads\/2023\/12\/8.png\" width=\"100\" height=\"100\" alt=\"\" class=\"wp-image-1312 alignnone size-full\" style=\"display: block; margin-left: auto; margin-right: auto;\" \/><\/h4>\n<h4 style=\"text-align: center;\"><strong>Relocation<\/strong><\/h4>\n<p><span>Coaching p\u00e5 engelska och svenska f\u00f6r internationella medarbetare och medf\u00f6ljande familj.<\/span><\/p>\n<p><span><\/span><\/p>\n<p>[\/et_pb_text][\/et_pb_column][et_pb_column type=&#8221;1_3&#8243; _builder_version=&#8221;4.23.1&#8243; _module_preset=&#8221;default&#8221; global_colors_info=&#8221;{}&#8221;][et_pb_text _builder_version=&#8221;4.23.1&#8243; _dynamic_attributes=&#8221;link_option_url&#8221; _module_preset=&#8221;default&#8221; link_option_url=&#8221;@ET-DC@eyJkeW5hbWljIjp0cnVlLCJjb250ZW50IjoicG9zdF9saW5rX3VybF9wYWdlIiwic2V0dGluZ3MiOnsicG9zdF9pZCI6Ijk0OSJ9fQ==@&#8221; global_colors_info=&#8221;{}&#8221;]<\/p>\n<h4><img loading=\"lazy\" decoding=\"async\" src=\"https:\/\/www.carismacoaching.se\/wp-content\/uploads\/2023\/12\/10.png\" width=\"100\" height=\"100\" alt=\"\" class=\"wp-image-1306 alignnone size-full\" style=\"display: block; margin-left: auto; margin-right: auto;\" \/><\/h4>\n<h4 style=\"text-align: center;\"><strong>Outplacement<\/strong><\/h4>\n<p><span>St\u00f6d p\u00e5 v\u00e4gen mot en ny anst\u00e4llning vid till exempel varsel och f\u00f6retagsflytt.<\/span><\/p>\n<p><span><\/span><\/p>\n<p><span><\/span><\/p>\n<p><span><\/span><\/p>\n<p><span><\/span><\/p>\n<p>[\/et_pb_text][\/et_pb_column][\/et_pb_row][\/et_pb_section][et_pb_section fb_built=&#8221;1&#8243; _builder_version=&#8221;4.23.1&#8243; _module_preset=&#8221;default&#8221; global_colors_info=&#8221;{}&#8221;][et_pb_row _builder_version=&#8221;4.23.1&#8243; _module_preset=&#8221;default&#8221; min_height=&#8221;665px&#8221; custom_margin=&#8221;-31px|auto||auto||&#8221; custom_padding=&#8221;103px||0px|||&#8221; hover_enabled=&#8221;0&#8243; border_radii=&#8221;on|1px|1px|1px|1px&#8221; border_width_all=&#8221;4px&#8221; border_color_all=&#8221;#cc123c&#8221; global_colors_info=&#8221;{}&#8221; sticky_enabled=&#8221;0&#8243;][et_pb_column type=&#8221;4_4&#8243; _builder_version=&#8221;4.23.1&#8243; _module_preset=&#8221;default&#8221; global_colors_info=&#8221;{}&#8221;][et_pb_slider _builder_version=&#8221;4.23.1&#8243; _module_preset=&#8221;default&#8221; custom_margin=&#8221;-29px|||||&#8221; custom_padding=&#8221;0px||82px|||&#8221; hover_enabled=&#8221;0&#8243; global_colors_info=&#8221;{}&#8221; show_pagination=&#8221;off&#8221; sticky_enabled=&#8221;0&#8243;][et_pb_slide heading=&#8221;Kundrecensioner&#8221; use_bg_overlay=&#8221;off&#8221; _builder_version=&#8221;4.23.1&#8243; _module_preset=&#8221;default&#8221; header_font=&#8221;Lato|700|||||||&#8221; header_text_color=&#8221;#cc123c&#8221; body_font=&#8221;Lato||||||||&#8221; body_line_height=&#8221;1.8em&#8221; background_color=&#8221;#FFFFFF&#8221; background_enable_color=&#8221;on&#8221; text_orientation=&#8221;left&#8221; background_layout=&#8221;light&#8221; global_colors_info=&#8221;{}&#8221; sticky_transition=&#8221;on&#8221;]<\/p>\n<p><span><\/span><\/p>\n<p><span>&#8221;Helen fick mig att komma vidare. Jag \u00e4r en person som vill v\u00e4ldigt mycket. Under en period var det lite v\u00e4l mycket tankar kring hur och varf\u00f6r, det blev kortslutning och ingenting kom fram. Jo, Helen. F\u00f6r hon lyssnade, sorterade och drog i tr\u00e5dar som fick mig att leta jobb p\u00e5 r\u00e4tt st\u00e4lle. Helen \u00e4r n\u00e4rvarande, och l\u00e5gm\u00e4lt positiv p\u00e5 ett oerh\u00f6rt givande s\u00e4tt. Hennes skratt lyfter takpannorna och n\u00e4r man g\u00e5r d\u00e4rifr\u00e5n undrar man stilla vad som egentligen h\u00e4nde. Helen \u00e4r den b\u00e4sta t\u00e4nkbara f\u00f6r dig som beh\u00f6ver en neutral vapendragare som scannar omv\u00e4rlden p\u00e5 m\u00f6jligheter f\u00f6r dig. Grattis, du kan sluta leta nu!&#8221;<\/span><\/p>\n<p><em><cite>Mimmi S\u00e4llstr\u00f6m<\/cite><\/em><\/p>\n<p>[\/et_pb_slide][et_pb_slide heading=&#8221;Kundrecensioner&#8221; _builder_version=&#8221;4.23.1&#8243; _module_preset=&#8221;default&#8221; header_level=&#8221;h2&#8243; header_font=&#8221;Lato|600|||||||&#8221; header_text_color=&#8221;#cc123c&#8221; body_line_height=&#8221;1.8em&#8221; background_color=&#8221;#FFFFFF&#8221; background_enable_color=&#8221;on&#8221; text_orientation=&#8221;left&#8221; background_layout=&#8221;light&#8221; global_colors_info=&#8221;{}&#8221; sticky_transition=&#8221;on&#8221;]<\/p>\n<p><span><\/span><\/p>\n<p><span>&#8221;Thank you for having faith in me. Thank you very much for your help during the job coaching sessions. I feel renewed to seriously look for work. The job search skills that you have equipped me with are profound and fruitful. I feel like I have moved so many steps just within three weeks of meeting with you. Thank you also for having faith in me and for encouraging me to speak the Swedish that I speak so well. However, due to fear I was shying away from doing so but now I speak comfortably.&#8221;<\/span><\/p>\n<p><cite>Nelisa<\/cite><\/p>\n<p>[\/et_pb_slide][et_pb_slide heading=&#8221;Kundrecensioner&#8221; _builder_version=&#8221;4.23.1&#8243; _module_preset=&#8221;default&#8221; header_font=&#8221;Lato|700|||||||&#8221; header_text_color=&#8221;#cc123c&#8221; body_font=&#8221;Lato||||||||&#8221; background_color=&#8221;#FFFFFF&#8221; background_enable_color=&#8221;on&#8221; text_orientation=&#8221;left&#8221; background_layout=&#8221;light&#8221; global_colors_info=&#8221;{}&#8221; sticky_transition=&#8221;on&#8221;]<\/p>\n<p><span style=\"font-size: medium;\"><\/span><\/p>\n<p><span style=\"font-size: medium;\">&#8221;Ta hj\u00e4lp av Carisma, de kan! Det k\u00e4ndes v\u00e4ldigt sk\u00f6nt att f\u00e5 prata med n\u00e5gon utanf\u00f6r familjen och v\u00e4nnerna n\u00e4r man hamnar i en situation som man aldrig varit f\u00f6rr. Att f\u00e5 en personlig uppmuntran och hj\u00e4lp genom struktur och planering k\u00e4ndes underbart och helt pl\u00f6tslig enkelt. Jag kan varmt rekommendera Carisma Coaching \u2013 de vet vad det handlar om!&#8221;<\/span><\/p>\n<p><em><cite>Maria K\u00e4llerteg<\/cite><\/em><\/p>\n<p>[\/et_pb_slide][\/et_pb_slider][\/et_pb_column][\/et_pb_row][\/et_pb_section]<\/p>\n","protected":false},"excerpt":{"rendered":"<p>Carisma Coaching erbjuder individuell coaching med fokus p\u00e5 m\u00e4nniskan och resultatet. Alltid med h\u00f6g aff\u00e4rsm\u00e4ssighetF\u00f6rsta steget mot f\u00f6r\u00e4ndring, boka 3 timmars coaching och betala f\u00f6r 2Carisma Coaching &#8211; St\u00f6d i f\u00f6r\u00e4ndring &amp; utveckling&#8221;Det g\u00e5r aldrig.&#8221; S\u00e5 t\u00e4nker ingen idrottsman. Tankens makt \u00e4r stor. D\u00e4rf\u00f6r \u00e4r positivt t\u00e4nkande och tydliga m\u00e5l s\u00e5 viktigt, b\u00e5de i och [&hellip;]<\/p>\n","protected":false},"author":1,"featured_media":0,"parent":0,"menu_order":0,"comment_status":"closed","ping_status":"closed","template":"","meta":{"_et_pb_use_builder":"on","_et_pb_old_content":"","_et_gb_content_width":"","footnotes":""},"class_list":["post-920","page","type-page","status-publish","hentry"],"jetpack_sharing_enabled":true,"_links":{"self":[{"href":"https:\/\/www.carismacoaching.se\/index.php?rest_route=\/wp\/v2\/pages\/920","targetHints":{"allow":["GET"]}}],"collection":[{"href":"https:\/\/www.carismacoaching.se\/index.php?rest_route=\/wp\/v2\/pages"}],"about":[{"href":"https:\/\/www.carismacoaching.se\/index.php?rest_route=\/wp\/v2\/types\/page"}],"author":[{"embeddable":true,"href":"https:\/\/www.carismacoaching.se\/index.php?rest_route=\/wp\/v2\/users\/1"}],"replies":[{"embeddable":true,"href":"https:\/\/www.carismacoaching.se\/index.php?rest_route=%2Fwp%2Fv2%2Fcomments&post=920"}],"version-history":[{"count":43,"href":"https:\/\/www.carismacoaching.se\/index.php?rest_route=\/wp\/v2\/pages\/920\/revisions"}],"predecessor-version":[{"id":1401,"href":"https:\/\/www.carismacoaching.se\/index.php?rest_route=\/wp\/v2\/pages\/920\/revisions\/1401"}],"wp:attachment":[{"href":"https:\/\/www.carismacoaching.se\/index.php?rest_route=%2Fwp%2Fv2%2Fmedia&parent=920"}],"curies":[{"name":"wp","href":"https:\/\/api.w.org\/{rel}","templated":true}]}}